{"id":292,"date":"2022-12-17T16:19:47","date_gmt":"2022-12-17T16:19:47","guid":{"rendered":"https:\/\/sunka-ecogites.fr\/?page_id=292"},"modified":"2023-02-10T13:05:12","modified_gmt":"2023-02-10T13:05:12","slug":"conditions-generales","status":"publish","type":"page","link":"https:\/\/sunka-ecogites.fr\/index.php\/conditions-generales\/","title":{"rendered":"CGV"},"content":{"rendered":"<p>[et_pb_section fb_built=\u00a0\u00bb1&Prime; _builder_version=\u00a0\u00bb4.19.3&Prime; _module_preset=\u00a0\u00bbdefault\u00a0\u00bb background_color=\u00a0\u00bbRGBA(255,255,255,0)\u00a0\u00bb global_colors_info=\u00a0\u00bb{}\u00a0\u00bb theme_builder_area=\u00a0\u00bbpost_content\u00a0\u00bb][et_pb_row _builder_version=\u00a0\u00bb4.19.3&Prime; _module_preset=\u00a0\u00bbdefault\u00a0\u00bb global_colors_info=\u00a0\u00bb{}\u00a0\u00bb theme_builder_area=\u00a0\u00bbpost_content\u00a0\u00bb][et_pb_column type=\u00a0\u00bb4_4&Prime; _builder_version=\u00a0\u00bb4.19.3&Prime; _module_preset=\u00a0\u00bbdefault\u00a0\u00bb global_colors_info=\u00a0\u00bb{}\u00a0\u00bb theme_builder_area=\u00a0\u00bbpost_content\u00a0\u00bb][et_pb_text _builder_version=\u00a0\u00bb4.19.5&Prime; _module_preset=\u00a0\u00bbdefault\u00a0\u00bb text_font=\u00a0\u00bbAlumni Sans||||||||\u00a0\u00bb text_font_size=\u00a0\u00bb20px\u00a0\u00bb hover_enabled=\u00a0\u00bb0&Prime; global_colors_info=\u00a0\u00bb{}\u00a0\u00bb theme_builder_area=\u00a0\u00bbpost_content\u00a0\u00bb sticky_enabled=\u00a0\u00bb0&Prime;]<\/p>\n<h1>Conditions g\u00e9n\u00e9rales de r\u00e9servation<\/h1>\n<p>Article 1 :<\/p>\n<p>Ce contrat de location saisonni\u00e8re est r\u00e9serv\u00e9 \u00e0 l&rsquo;usage exclusif de la location d\u2019h\u00e9bergements G\u00eetes de France agr\u00e9\u00e9s par l&rsquo;Antenne<br \/>D\u00e9partementale ou interd\u00e9partementale territorialement comp\u00e9tente au nom de la F\u00e9d\u00e9ration Nationale des G\u00eetes de France.<br \/>En aucun cas la F\u00e9d\u00e9ration Nationale des G\u00eetes de France ne saurait voir sa responsabilit\u00e9 engag\u00e9e en cas d&rsquo;utilisation de ses contrats par des tiers ou<br \/>\u00e0 des fins autres que touristiques.<\/p>\n<p>Article 2 &#8211; dur\u00e9e du s\u00e9jour :<\/p>\n<p>Le locataire signataire du pr\u00e9sent contrat conclu pour une dur\u00e9e d\u00e9termin\u00e9e ne pourra en aucune circonstance se pr\u00e9valoir d&rsquo;un quelconque droit au maintien dans les lieux \u00e0 l&rsquo;issue du<br \/>s\u00e9jour.<\/p>\n<p>Article 3 &#8211; conclusion du contrat :<\/p>\n<p>La r\u00e9servation devient effective d\u00e8s lors que le locataire aura fait parvenir au propri\u00e9taire un acompte de 25 % du montant total de la location et un exemplaire du contrat sign\u00e9 avant la date indiqu\u00e9e au recto. Un deuxi\u00e8me exemplaire est \u00e0 conserver par le locataire. La location conclue entre les parties au pr\u00e9sent acte ne peut en aucun cas b\u00e9n\u00e9ficier m\u00eame partiellement \u00e0 des tiers, personnes physiques ou morales, sauf accord \u00e9crit du propri\u00e9taire. Toute infraction \u00e0 ce dernier alin\u00e9a serait susceptible d&rsquo;entra\u00eener la r\u00e9siliation imm\u00e9diate de la location aux torts du locataire, le produit de la location restant d\u00e9finitivement acquis au propri\u00e9taire.<\/p>\n<p>Article 4 &#8211; absence de r\u00e9tractation :<\/p>\n<p>Pour les r\u00e9servations effectu\u00e9es par courrier, par t\u00e9l\u00e9phone ou par internet, le locataire ne b\u00e9n\u00e9ficie pas du d\u00e9lai de r\u00e9tractation, et ce conform\u00e9ment \u00e0 l\u2019article L121-21-8 du code de la consommation relatif notamment aux prestations de services d\u2019h\u00e9bergement fournies \u00e0 une date ou selon une p\u00e9riodicit\u00e9 d\u00e9termin\u00e9e.<\/p>\n<p>Article 5 &#8211; annulation par le locataire :<\/p>\n<p>Toute annulation doit \u00eatre notifi\u00e9e par lettre recommand\u00e9e au propri\u00e9taire.<\/p>\n<p>a) annulation avant l&rsquo;arriv\u00e9e dans les lieux : l&rsquo;acompte reste acquis au propri\u00e9taire. Celui-ci pourra demander le solde du montant du s\u00e9jour, si l&rsquo;annulation intervient moins de 30 jours avant la date pr\u00e9vue d&rsquo;entr\u00e9e dans les lieux.<br \/>Si le locataire ne se manifeste pas dans les 24 heures qui suivent la date d&rsquo;arriv\u00e9e indiqu\u00e9e sur le contrat, le pr\u00e9sent contrat devient nul et le propri\u00e9taire peut disposer de son g\u00eete. L&rsquo;acompte reste \u00e9galement acquis au propri\u00e9taire qui demandera le paiement du solde de la location.<br \/>b) si le s\u00e9jour est \u00e9court\u00e9, le prix de la location reste acquis au propri\u00e9taire.<br \/>Il ne sera proc\u00e9d\u00e9 \u00e0 aucun remboursement.<\/p>\n<p>Article 6 &#8211; annulation par le propri\u00e9taire :<\/p>\n<p>Le propri\u00e9taire reverse au locataire l\u2019int\u00e9gralit\u00e9 des sommes vers\u00e9es, ainsi qu\u2019une indemnit\u00e9 au moins \u00e9gale \u00e0 celle que le locataire aurait support\u00e9e si l\u2019annulation \u00e9tait intervenue de son fait \u00e0 cette date.<\/p>\n<p>Article 7 &#8211; arriv\u00e9e :<\/p>\n<p>Le locataire doit se pr\u00e9senter le jour pr\u00e9cis\u00e9 et l&rsquo;heure mentionn\u00e9e sur le pr\u00e9sent contrat. En cas d&rsquo;arriv\u00e9e tardive ou diff\u00e9r\u00e9e, le locataire doit pr\u00e9venir le propri\u00e9taire.<\/p>\n<p>Article 8- r\u00e8glement du solde :<\/p>\n<p>Le solde de la location est vers\u00e9 \u00e0 l&rsquo;entr\u00e9e dans les lieux.<\/p>\n<p>Article 9 &#8211; \u00e9tat des lieux :<\/p>\n<p>Un inventaire est \u00e9tabli en commun et sign\u00e9 par le locataire et le propri\u00e9taire ou son repr\u00e9sentant \u00e0 l&rsquo;arriv\u00e9e et au d\u00e9part du g\u00eete. Cet inventaire constitue la seule r\u00e9f\u00e9rence en cas de litige concernant l&rsquo;\u00e9tat des lieux.<br \/>L&rsquo;\u00e9tat de propret\u00e9 du g\u00eete \u00e0 l&rsquo;arriv\u00e9e du locataire devra \u00eatre constat\u00e9 dans l&rsquo;\u00e9tat des lieux. Le nettoyage des locaux est \u00e0 la charge du locataire pendant la p\u00e9riode de location et avant son d\u00e9part. Le montant des \u00e9ventuels frais de m\u00e9nage est \u00e9tabli sur la base de calcul mentionn\u00e9e dans la fiche descriptive.<\/p>\n<p>Article 10 &#8211; d\u00e9p\u00f4t de garantie :<\/p>\n<p>A l&rsquo;arriv\u00e9e du locataire, un d\u00e9p\u00f4t de garantie dont le montant est indiqu\u00e9 au recto du pr\u00e9sent contrat est demand\u00e9 par le propri\u00e9taire. Apr\u00e8s l&rsquo;\u00e9tablissement contradictoire de l&rsquo;\u00e9tat des lieux de sortie, ce d\u00e9p\u00f4t est restitu\u00e9, d\u00e9duction faite du co\u00fbt de remise en \u00e9tat des lieux si des d\u00e9gradations \u00e9taient constat\u00e9es. En cas de d\u00e9part anticip\u00e9 (ant\u00e9rieur \u00e0 l&rsquo;heure mentionn\u00e9e sur le pr\u00e9sent contrat) emp\u00eachant l&rsquo;\u00e9tablissement de l&rsquo;\u00e9tat des lieux le jour m\u00eame du d\u00e9part du locataire, le d\u00e9p\u00f4t de garantie est renvoy\u00e9 par le propri\u00e9taire dans un d\u00e9lai n&rsquo;exc\u00e9dant pas une semaine.<\/p>\n<p>Article 11 &#8211; utilisation des lieux :<\/p>\n<p>Le locataire devra assurer le caract\u00e8re paisible de la location et en faire usage conform\u00e9ment \u00e0 la destination des lieux.<\/p>\n<p>Article 12 &#8211; capacit\u00e9 :<\/p>\n<p>Le pr\u00e9sent contrat est \u00e9tabli pour une capacit\u00e9 maximum de personnes. Si le nombre de locataires d\u00e9passe la capacit\u00e9 d&rsquo;accueil, le propri\u00e9taire peut refuser les personnes suppl\u00e9mentaires. Toute modification ou rupture du contrat sera consid\u00e9r\u00e9e \u00e0 l\u2019initiative du client.<\/p>\n<p>Article 13 \u2013 accueil des animaux :<\/p>\n<p>Le pr\u00e9sent contrat pr\u00e9cise si le locataire peut ou non s\u00e9journer en compagnie d\u2019un animal domestique. En cas de non respect de cette clause, le propri\u00e9taire peut refuser le s\u00e9jour : aucun remboursement ne sera alors effectu\u00e9. Lors de la r\u00e9servation, le client est tenu d\u2019indiquer le nombre d\u2019animaux familiers qui l\u2019accompagneront. Le cas \u00e9ch\u00e9ant, la fiche descriptive pr\u00e9cise les suppl\u00e9ments de tarifs \u00e9ventuels \u00e0 pr\u00e9voir (tarif animal, suppl\u00e9ment d\u00e9p\u00f4t de garantie, suppl\u00e9ment du forfait m\u00e9nage\u2026). Des modalit\u00e9s de s\u00e9jour sp\u00e9cifiques aux animaux familiers pourront \u00eatre pr\u00e9cis\u00e9es par le propri\u00e9taire dans un r\u00e8glement int\u00e9rieur affich\u00e9 dans l\u2019h\u00e9bergement.<\/p>\n<p>Article 14 &#8211; assurances :<\/p>\n<p>Le locataire est responsable de tous les dommages survenant de son fait. Il est tenu d\u2019\u00eatre assur\u00e9par un contrat<br \/>d\u2019assurance type vill\u00e9giature pour ces diff\u00e9rents risques.<\/p>\n<p>Article 15 &#8211; paiement des charges :<\/p>\n<p>En fin de s\u00e9jour, le locataire doit acquitter aupr\u00e8s du propri\u00e9taire, les charges non incluses dans le prix.<br \/>Leur montant s&rsquo;\u00e9tablit sur la base de calcul mentionn\u00e9e sur le pr\u00e9sent contrat et dans la fiche descriptive et un justificatif est remis par le propri\u00e9taire.<\/p>\n<p>Article 16- litiges :<\/p>\n<p>Toute r\u00e9clamation relative \u00e0 l\u2019\u00e9tat des lieux et \u00e0 l\u2019\u00e9tat du descriptif lors d\u2019une location, doit \u00eatre soumise \u00e0 l\u2019Antenne D\u00e9partementale ou interd\u00e9partementale des G\u00eetes de France dans les trois jours \u00e0 compter<br \/>de l\u2019entr\u00e9e dans les lieux.<\/p>\n<p>[\/et_pb_text][\/et_pb_column][\/et_pb_row][\/et_pb_section]<\/p>\n","protected":false},"excerpt":{"rendered":"<p>Conditions g\u00e9n\u00e9rales de r\u00e9servation Article 1 : Ce contrat de location saisonni\u00e8re est r\u00e9serv\u00e9 \u00e0 l&rsquo;usage exclusif de la location d\u2019h\u00e9bergements G\u00eetes de France agr\u00e9\u00e9s par l&rsquo;AntenneD\u00e9partementale ou interd\u00e9partementale territorialement comp\u00e9tente au nom de la F\u00e9d\u00e9ration Nationale des G\u00eetes de France.En aucun cas la F\u00e9d\u00e9ration Nationale des G\u00eetes de France ne saurait voir sa responsabilit\u00e9 [&hellip;]<\/p>\n","protected":false},"author":1,"featured_media":0,"parent":0,"menu_order":0,"comment_status":"closed","ping_status":"closed","template":"","meta":{"_et_pb_use_builder":"on","_et_pb_old_content":"","_et_gb_content_width":"","_monsterinsights_skip_tracking":false,"_monsterinsights_sitenote_active":false,"_monsterinsights_sitenote_note":"","_monsterinsights_sitenote_category":0,"footnotes":""},"class_list":["post-292","page","type-page","status-publish","hentry"],"aioseo_notices":[],"_links":{"self":[{"href":"https:\/\/sunka-ecogites.fr\/index.php\/wp-json\/wp\/v2\/pages\/292","targetHints":{"allow":["GET"]}}],"collection":[{"href":"https:\/\/sunka-ecogites.fr\/index.php\/wp-json\/wp\/v2\/pages"}],"about":[{"href":"https:\/\/sunka-ecogites.fr\/index.php\/wp-json\/wp\/v2\/types\/page"}],"author":[{"embeddable":true,"href":"https:\/\/sunka-ecogites.fr\/index.php\/wp-json\/wp\/v2\/users\/1"}],"replies":[{"embeddable":true,"href":"https:\/\/sunka-ecogites.fr\/index.php\/wp-json\/wp\/v2\/comments?post=292"}],"version-history":[{"count":12,"href":"https:\/\/sunka-ecogites.fr\/index.php\/wp-json\/wp\/v2\/pages\/292\/revisions"}],"predecessor-version":[{"id":651,"href":"https:\/\/sunka-ecogites.fr\/index.php\/wp-json\/wp\/v2\/pages\/292\/revisions\/651"}],"wp:attachment":[{"href":"https:\/\/sunka-ecogites.fr\/index.php\/wp-json\/wp\/v2\/media?parent=292"}],"curies":[{"name":"wp","href":"https:\/\/api.w.org\/{rel}","templated":true}]}}